{"id":15421,"date":"2020-05-07T08:35:15","date_gmt":"2020-05-07T06:35:15","guid":{"rendered":"https:\/\/www.quiralia.cat\/casals\/?page_id=15421"},"modified":"2022-03-04T14:10:04","modified_gmt":"2022-03-04T12:10:04","slug":"casal-destiu-2021-quiralia","status":"publish","type":"page","link":"https:\/\/www.quiralia.cat\/casals\/casal-destiu-2021-quiralia\/","title":{"rendered":"Casals d&#8217;estiu 2022"},"content":{"rendered":"\r\n<p>L\u2019estiu arribar\u00e0, les piscines obriran i, just quan l\u2019escola ens acomiadi, desenes d\u2019aventures ens estaran esperant! Aquest estiu ens construirem!<\/p>\r\n<p><strong><em>\u00a0\u201cConstru\u00efm!\u201d <\/em><\/strong>\u00e9s la nostra proposta de casal d\u2019estiu que enguany pret\u00e9n poder donar veu als infants i joves del casal i acompanyar-los en el seu propi proc\u00e9s d\u2019aprenentatge, i que els proporcioni estrat\u00e8gies que els ajudin a moure\u2019s i interactuar en un entorn cada vegada m\u00e9s canviant i complex.<\/p>\r\n<p>Des de Quir\u00e0lia entenem el casal d\u2019estiu com un espai on els infants i joves han de poder gaudir del temps de vacances de forma plena i enriquidora. Un espai de diversi\u00f3 i, al mateix temps, d\u2019aprenentatge i transmissi\u00f3 d\u2019actituds, aptituds, valors i h\u00e0bits on poder establir relacions de conviv\u00e8ncia i poder compartir moments i experi\u00e8ncies.<\/p>\r\n<p>Tenint present la voluntat de transformaci\u00f3 de l\u2019educaci\u00f3 en el lleure, la programaci\u00f3 de les activitats i reptes que ens plantegin al llarg de l\u2019estiu estaran dissenyats i pensats per contribuir en el coneixement, la difusi\u00f3 i la sensibilitzaci\u00f3 dels Objectius del Desenvolupament Sostenible (ODS) promoguts per l\u2019Organitzaci\u00f3 de les Nacions Unides (ONU).<\/p>\r\n<p>Per a fer-ho gaudirem de la companyia de la <strong>Fam\u00edlia ViD:<\/strong> <strong>R\u00f2-ViD<\/strong>, Bi-ViD, Cat-ViD, Fit-ViD, Ca-pa\u00e7, Glo-ViD. Una colla de personatges que, <strong>combinant la tradici\u00f3 i la innovaci\u00f3 en el lleure educatiu, ens proposar\u00e0 reptes, jocs, danses, descobertes, can\u00e7ons, experiments, sortides, etc.<\/strong><\/p>\r\n<p><img loading=\"lazy\" class=\"aligncenter wp-image-15801 size-full\" src=\"https:\/\/www.quiralia.cat\/casals\/wp-content\/uploads\/2022\/03\/5_personatges.jpg\" alt=\"\" width=\"1772\" height=\"659\" srcset=\"https:\/\/www.quiralia.cat\/casals\/wp-content\/uploads\/2022\/03\/5_personatges.jpg 1772w, https:\/\/www.quiralia.cat\/casals\/wp-content\/uploads\/2022\/03\/5_personatges-300x112.jpg 300w, https:\/\/www.quiralia.cat\/casals\/wp-content\/uploads\/2022\/03\/5_personatges-1024x381.jpg 1024w, https:\/\/www.quiralia.cat\/casals\/wp-content\/uploads\/2022\/03\/5_personatges-768x286.jpg 768w, https:\/\/www.quiralia.cat\/casals\/wp-content\/uploads\/2022\/03\/5_personatges-1536x571.jpg 1536w, https:\/\/www.quiralia.cat\/casals\/wp-content\/uploads\/2022\/03\/5_personatges-700x260.jpg 700w\" sizes=\"(max-width: 1772px) 100vw, 1772px\" \/><\/p>\r\n<p>&nbsp;<\/p>\r\n<h1 style=\"text-align: center;\"><strong>\u00a0Viu un estiu ple d\u2019aventures i construeix amb Quir\u00e0lia!<\/strong><\/h1>\r\n\r\n\r\n\r\n<p>&nbsp;<\/p>\r\n<p><img loading=\"lazy\" class=\"aligncenter wp-image-15800 size-full\" src=\"https:\/\/www.quiralia.cat\/casals\/wp-content\/uploads\/2022\/03\/Infografia-1-Estiu-22_page-0001.jpg\" alt=\"\" width=\"1536\" height=\"1754\" srcset=\"https:\/\/www.quiralia.cat\/casals\/wp-content\/uploads\/2022\/03\/Infografia-1-Estiu-22_page-0001.jpg 1536w, https:\/\/www.quiralia.cat\/casals\/wp-content\/uploads\/2022\/03\/Infografia-1-Estiu-22_page-0001-263x300.jpg 263w, https:\/\/www.quiralia.cat\/casals\/wp-content\/uploads\/2022\/03\/Infografia-1-Estiu-22_page-0001-897x1024.jpg 897w, https:\/\/www.quiralia.cat\/casals\/wp-content\/uploads\/2022\/03\/Infografia-1-Estiu-22_page-0001-768x877.jpg 768w, https:\/\/www.quiralia.cat\/casals\/wp-content\/uploads\/2022\/03\/Infografia-1-Estiu-22_page-0001-1345x1536.jpg 1345w, https:\/\/www.quiralia.cat\/casals\/wp-content\/uploads\/2022\/03\/Infografia-1-Estiu-22_page-0001-700x799.jpg 700w\" sizes=\"(max-width: 1536px) 100vw, 1536px\" \/><\/p>\r\n<p>&nbsp;<\/p>\r\n<p><img loading=\"lazy\" class=\"wp-image-15802 size-full aligncenter\" src=\"https:\/\/www.quiralia.cat\/casals\/wp-content\/uploads\/2022\/03\/Infografia-2-Estiu-22_page-0001.jpg\" alt=\"\" width=\"573\" height=\"1282\" srcset=\"https:\/\/www.quiralia.cat\/casals\/wp-content\/uploads\/2022\/03\/Infografia-2-Estiu-22_page-0001.jpg 573w, https:\/\/www.quiralia.cat\/casals\/wp-content\/uploads\/2022\/03\/Infografia-2-Estiu-22_page-0001-134x300.jpg 134w, https:\/\/www.quiralia.cat\/casals\/wp-content\/uploads\/2022\/03\/Infografia-2-Estiu-22_page-0001-458x1024.jpg 458w\" sizes=\"(max-width: 573px) 100vw, 573px\" \/><\/p>\r\n<p>&nbsp;<\/p>\r\n<h1 style=\"text-align: center;\"><strong>Vols organitzar un casal d&#8217;estiu?<\/strong><\/h1>\r\n<p style=\"text-align: center;\">Contacta amb nosaltres!<\/p>\r\n<p style=\"text-align: center;\">\ud83d\udcde93.851.48.55<\/p>\r\n<p style=\"text-align: center;\">\ud83d\udce9 info@quiralia.cat<\/p>\r\n<p style=\"text-align: center;\">\u00a0<\/p>\r\n<p>&nbsp;<\/p>\r\n<p>&nbsp;<\/p>\r\n<p>&nbsp;<\/p>\r\n<p>&nbsp;<\/p>\r\n<p>&nbsp;<\/p>\r\n<p>&nbsp;<\/p>\r\n<p style=\"text-align: center;\">\u00a0<\/p>\r\n","protected":false},"excerpt":{"rendered":"<p>L\u2019estiu arribar\u00e0, les piscines obriran i, just quan l\u2019escola ens acomiadi, desenes d\u2019aventures ens estaran esperant! Aquest estiu ens construirem! \u00a0\u201cConstru\u00efm!\u201d \u00e9s la nostra proposta de casal d\u2019estiu que enguany pret\u00e9n poder donar veu als infants i joves del casal i acompanyar-los en el seu&#8230;<\/p>\n","protected":false},"author":2,"featured_media":15620,"parent":0,"menu_order":0,"comment_status":"closed","ping_status":"closed","template":"","meta":[],"yoast_head":"<!-- This site is optimized with the Yoast SEO plugin v16.3 - https:\/\/yoast.com\/wordpress\/plugins\/seo\/ -->\n<title>Casals d&#039;estiu 2022 - Casals d&#039;estiu :: QUIR\u00c0LIA<\/title>\n<meta name=\"robots\" content=\"index, follow, max-snippet:-1, max-image-preview:large, max-video-preview:-1\" \/>\n<link rel=\"canonical\" href=\"https:\/\/www.quiralia.cat\/casals\/casal-destiu-2021-quiralia\/\" \/>\n<meta property=\"og:locale\" content=\"ca_ES\" \/>\n<meta property=\"og:type\" content=\"article\" \/>\n<meta property=\"og:title\" content=\"Casals d&#039;estiu 2022 - Casals d&#039;estiu :: QUIR\u00c0LIA\" \/>\n<meta property=\"og:description\" content=\"L\u2019estiu arribar\u00e0, les piscines obriran i, just quan l\u2019escola ens acomiadi, desenes d\u2019aventures ens estaran esperant! Aquest estiu ens construirem! \u00a0\u201cConstru\u00efm!\u201d \u00e9s la nostra proposta de casal d\u2019estiu que enguany pret\u00e9n poder donar veu als infants i joves del casal i acompanyar-los en el seu...\" \/>\n<meta property=\"og:url\" content=\"https:\/\/www.quiralia.cat\/casals\/casal-destiu-2021-quiralia\/\" \/>\n<meta property=\"og:site_name\" content=\"Casals d&#039;estiu :: QUIR\u00c0LIA\" \/>\n<meta property=\"article:modified_time\" content=\"2022-03-04T12:10:04+00:00\" \/>\n<meta property=\"og:image\" content=\"https:\/\/www.quiralia.cat\/casals\/wp-content\/uploads\/2021\/03\/Banner-petit.jpg\" \/>\n\t<meta property=\"og:image:width\" content=\"492\" \/>\n\t<meta property=\"og:image:height\" content=\"492\" \/>\n<meta name=\"twitter:card\" content=\"summary_large_image\" \/>\n<meta name=\"twitter:label1\" content=\"Temps estimat de lectura\">\n\t<meta name=\"twitter:data1\" content=\"2 minuts\">\n<script type=\"application\/ld+json\" class=\"yoast-schema-graph\">{\"@context\":\"https:\/\/schema.org\",\"@graph\":[{\"@type\":\"WebSite\",\"@id\":\"https:\/\/www.quiralia.cat\/casals\/#website\",\"url\":\"https:\/\/www.quiralia.cat\/casals\/\",\"name\":\"Casals d&#039;estiu :: QUIR\\u00c0LIA\",\"description\":\"\",\"potentialAction\":[{\"@type\":\"SearchAction\",\"target\":\"https:\/\/www.quiralia.cat\/casals\/?s={search_term_string}\",\"query-input\":\"required name=search_term_string\"}],\"inLanguage\":\"ca\"},{\"@type\":\"ImageObject\",\"@id\":\"https:\/\/www.quiralia.cat\/casals\/casal-destiu-2021-quiralia\/#primaryimage\",\"inLanguage\":\"ca\",\"url\":\"https:\/\/www.quiralia.cat\/casals\/wp-content\/uploads\/2021\/03\/Banner-petit.jpg\",\"contentUrl\":\"https:\/\/www.quiralia.cat\/casals\/wp-content\/uploads\/2021\/03\/Banner-petit.jpg\",\"width\":492,\"height\":492},{\"@type\":\"WebPage\",\"@id\":\"https:\/\/www.quiralia.cat\/casals\/casal-destiu-2021-quiralia\/#webpage\",\"url\":\"https:\/\/www.quiralia.cat\/casals\/casal-destiu-2021-quiralia\/\",\"name\":\"Casals d'estiu 2022 - Casals d&#039;estiu :: QUIR\\u00c0LIA\",\"isPartOf\":{\"@id\":\"https:\/\/www.quiralia.cat\/casals\/#website\"},\"primaryImageOfPage\":{\"@id\":\"https:\/\/www.quiralia.cat\/casals\/casal-destiu-2021-quiralia\/#primaryimage\"},\"datePublished\":\"2020-05-07T06:35:15+00:00\",\"dateModified\":\"2022-03-04T12:10:04+00:00\",\"breadcrumb\":{\"@id\":\"https:\/\/www.quiralia.cat\/casals\/casal-destiu-2021-quiralia\/#breadcrumb\"},\"inLanguage\":\"ca\",\"potentialAction\":[{\"@type\":\"ReadAction\",\"target\":[\"https:\/\/www.quiralia.cat\/casals\/casal-destiu-2021-quiralia\/\"]}]},{\"@type\":\"BreadcrumbList\",\"@id\":\"https:\/\/www.quiralia.cat\/casals\/casal-destiu-2021-quiralia\/#breadcrumb\",\"itemListElement\":[{\"@type\":\"ListItem\",\"position\":1,\"item\":{\"@type\":\"WebPage\",\"@id\":\"https:\/\/www.quiralia.cat\/casals\/\",\"url\":\"https:\/\/www.quiralia.cat\/casals\/\",\"name\":\"Home\"}},{\"@type\":\"ListItem\",\"position\":2,\"item\":{\"@id\":\"https:\/\/www.quiralia.cat\/casals\/casal-destiu-2021-quiralia\/#webpage\"}}]}]}<\/script>\n<!-- \/ Yoast SEO plugin. -->","_links":{"self":[{"href":"https:\/\/www.quiralia.cat\/casals\/wp-json\/wp\/v2\/pages\/15421"}],"collection":[{"href":"https:\/\/www.quiralia.cat\/casals\/wp-json\/wp\/v2\/pages"}],"about":[{"href":"https:\/\/www.quiralia.cat\/casals\/wp-json\/wp\/v2\/types\/page"}],"author":[{"embeddable":true,"href":"https:\/\/www.quiralia.cat\/casals\/wp-json\/wp\/v2\/users\/2"}],"replies":[{"embeddable":true,"href":"https:\/\/www.quiralia.cat\/casals\/wp-json\/wp\/v2\/comments?post=15421"}],"version-history":[{"count":50,"href":"https:\/\/www.quiralia.cat\/casals\/wp-json\/wp\/v2\/pages\/15421\/revisions"}],"predecessor-version":[{"id":15804,"href":"https:\/\/www.quiralia.cat\/casals\/wp-json\/wp\/v2\/pages\/15421\/revisions\/15804"}],"wp:featuredmedia":[{"embeddable":true,"href":"https:\/\/www.quiralia.cat\/casals\/wp-json\/wp\/v2\/media\/15620"}],"wp:attachment":[{"href":"https:\/\/www.quiralia.cat\/casals\/wp-json\/wp\/v2\/media?parent=15421"}],"curies":[{"name":"wp","href":"https:\/\/api.w.org\/{rel}","templated":true}]}}